{"id":28,"date":"2015-02-07T17:12:00","date_gmt":"2015-02-07T15:12:00","guid":{"rendered":"https:\/\/www.ainojuutilainen.com\/\/?page_id=28"},"modified":"2025-11-04T12:33:51","modified_gmt":"2025-11-04T10:33:51","slug":"events","status":"publish","type":"page","link":"https:\/\/www.ainojuutilainen.com\/?page_id=28","title":{"rendered":"EVENTS"},"content":{"rendered":"\n<p class=\"has-text-align-center has-background\" style=\"background:linear-gradient(0deg,#ffecd2 0%,#fcb69f 100%)\"><strong>UPCOMING EVENTS<\/strong><br><br>13.11.2025 Juutilainen &amp; Tihe\u00e4salo, Olutravintola Hannikainen, Turku<br>29.11.2025 Yin &amp; Sello, Roots, Helsinki<br>5.12.2025 Quartet Ajaton, Lumit, Kuopio<br><\/p>\n\n\n\n<hr class=\"wp-block-separator has-alpha-channel-opacity\"\/>\n\n\n\n<p class=\"has-text-align-center has-wild-apple-gradient-background has-background\"><strong>PAST EVENTS<\/strong><br><br>24.10.2025 AINON, Ume\u00e5 Jazz Festival, Sweden<br>21.10.2025 Luoto, Keskuskirjasto Oodi, Helsinki<br>11.10.2025 Yin &amp; Sello, Roots, Helsinki<br>4. &amp; 8.10 2025Vieraat, Kanneltalo, Helsinki<br>20.9.2025 B\u00e4ckstr\u00f6m &amp; Juutilainen, Maunula Jazz,Helsinki<br>6.9.2025 Nukku, Tietotalo, Jokioinen<br>28.6.2025 Vespera, Linnajazz, H\u00e4meenlinna<br>1.2.2025 AINON, STOA, Helsinki<br>30.11.2024 AINON, We Jazz Festival, Helsinki<br>11.6.2025 Vespera, jaZZanti, Helsinki<br>11.8.2023 Mikko Sarvanne Garden, Flow Festival<br>28.4.2023 Quartet Ajaton, JazzAhead Club Night, Bremen<br>16.4.2023, Mikko Sarvanne Garden &amp; AINON, Sara Hild\u00e9n Art museum, Tampere<br>14.4.2023, with Mikko Sarvanne Garden &amp; AINON, Sibelius Museum, Turku<br>9.1.2023, with Mikko Sarvanne Garden &amp; AINON, \u00c4\u00e4niwalli, Helsinki<br>8.1.2023, with Mikko Sarvanne Garden &amp; AINON, Kalevan Navetta, Sein\u00e4joki<br>6.1.2023, Telakka Jazz, Tampere<br>17.10.2022, AINON, Kino Marita, Outokumpu<br>2.10.2022 Kymmenen Oodia, Lahti, Ristinkirkko<br>18.9.2022 Kymmenen Oodia, Lapuan Kirkko<br>17.8.2022,Tampere, Tampering Festival<br>25.8.-1.9.2022 Touring with Quartet Ajaton<br>17.8.2022 AINON @ Tampering Festival<br>12.8.2022 Jaetut tilat \u00d6t\u00f6k\u00f6iden Y\u00f6 @ Lassilan tila<br>6.8.2022 Thousand Times Yes @ Kiasma<br>5.8. 2022 Thousand Times Yes @ Kiasma<br>4.8. 2022 Quartet Ajaton @ Elojazz<br>3.8. 2022 Thousand Times Yes @ Kiasma<br>29.7.2022 \u00a0Josu M\u00e4mmi Trio @ JazzEspa<br>22.7.2022 AINON @ Odysseus Festival<br>16.6.2022 Jaetut tilat Pisti\u00e4isp\u00e4iv\u00e4 @ Lassilan Tila<br>12.6.2022 \u00a0AINON @ Tenho<br>11..6. 2022 Jaetut tilat Opening @ Lassilan Tila<br>4.5.2022 Josu M\u00e4mmi Trio @ Tanner<br>16.3.2022 Suhina Klubi with Aino Juutilainen<br>9.3.2022 Septad @ Musiikkitalo<br>4.3.2022 Josu M\u00e4mmi Trio @ April Jazz Club<br>3.12.2021 Quartet Ajaton @ Pekka Ervast -temppeli, Jyv\u00e4skyl\u00e4<br>5.11.2021 Hajoaminen \/ Decomposition, Salo<br>22.10.2021 AINON @ Jyv\u00e4skyl\u00e4n taidemuseo, JazzJKL<br>23.9.2021 AINON @ Lieksa, Brahea-Kampus\/ j\u00e4rj. Jazzkerho 76<br>24.9.2021 AINON @  Savonlinna, Kulttuurikellari\/ j\u00e4rj. Olavin Jazz<br>25.9.2021 AINON @ Joensuu, Taidemuseo Ahjo \/ j\u00e4rj. Jazzkerho 76 ry<br>27.9.2021 AINON @ Turku, Rica Bar \/ Monday Jazz Happening &amp; Jazz City Turku<br>28.9.2021 AINON @  Helsinki, Malmitalo<br>29.9.2021 AINON @  Tampere, G Livelab<br>30.9.2021 AINON @  Kuopio, Kino Kuvakukko \/ Filibus x AINON \/ <a rel=\"noopener noreferrer\" href=\"http:\/\/www.vilimit.fi\/\" target=\"_blank\">Rikos-Vilimit<\/a><br>1.10.2021 AINON @ \u00c4\u00e4nekoski, Wille \/ j\u00e4rj. \u00c4\u00e4nekosken kulttuuritoimi<br>31.10.2021 AINON @  Porin Raatihuoneen sali \/ Validi Karkia -klubi<br>3.9.2021 Septad @Feel Helsinki <a href=\"https:\/\/www.feelhelsinki.info\/program\/septad-ensemble-joy-against-the-machine-3\">ONLINE CONCERT<\/a><br>28.-29.8.2021 Taidelahjat, Helsingin Juhlaviikot<br>21.-22.8.2021 Taidelahjat, Helsingin Juhlaviikot<br>15.8.2021 Josu M\u00e4mmi trio @ Tenho restobar, Helsinki<br>13.8.2021 \u00d6t\u00f6k\u00f6iden y\u00f6, Lassilan tila, Tuusula<br>5.8.2021 AINON (Kymmenen oodia) @ Lapinlahden kirkko,<br>29.7.2021 Maija Kailas jne. @ Tenho restobar, Helsinki<br>21.7.2021 AINON @ Lonna, Helsinki<br>14.7.2021 Josu M\u00e4mmi trio @ Cathedral Park Jazz, Turku<br>3.7.2021 Jaetut tilat opening, Lassilan tila, Tuusula<br>4.3.2021 Josu M\u00e4mmi trio @ <a href=\"https:\/\/www.turkujazz.fi\/tapahtumat\/josu-mammi-trio-mirari\/\">Turku Jazz Festival<\/a><br>8.2.2021 Septad Ensemble, Joy against the machine<a href=\"https:\/\/musicanova.fi\/event\/joy-against-the-machine-libero-mureddus-first-doctoral-concert-3\/\"> @ Musica nova Helsinki<\/a><br>20.11.2020<a href=\"https:\/\/arsmoriendi.fi\/kuolema-unplugged-lavarunousilta\/\"> Kuolema unplugged\u00a0<\/a><br>16.-25.10.2020 Hajoaminen\/ Decomposition, QUERQ; Helsinki<br><em>10.10.2020 AINON @Loud Silents Festival, Helsinki<\/em><br><em>8.10.2020 AINON G Livelab, Tampere<\/em><br>1.8.2020 <span style=\"font-weight: 600;\">\u00a0AINON\u00a0<a href=\"http:\/\/www.jazzespa.fi\">@Jazz-Espa<\/a><\/span><br>6.2.2020 <strong>AINON<\/strong> @Turun seudun musiikkiopisto<br>5.2.2020 <strong>AINON\u00a0<\/strong>@rytmih\u00e4iri\u00f6klubi<br>4.2.2020 <strong>Leijonadisco<\/strong> @Porvoo<br>5.12.2019<strong>\u00a0Chamber Music from Mars<\/strong>, Vapaan taiteen tila<br>26.11.2019\u00a0 <strong>Hexad<\/strong>\u00a0@MuTeFest, Black Box, Musiikkitalo<br>22.11.2019 <strong>Leijonadisco<\/strong>, @Pikku Auroora<br>15.11.2019<strong> Kuoleman tanssit<\/strong>, Tuomiokirkon krypta at 18:00<br>2.11.2019 <strong>Leijonadisco<\/strong>, @Pessi<br>8.10.2019 <strong>Korvat Auki Ensemble<\/strong>, Vapaan taiteen tila<br>1.10.2019 <strong>Niilo Tarnasen s\u00e4hk\u00f6bassokonsertto<\/strong>, @Malmitalo at 18:00<br>7.9.2019 <strong>Hexad<\/strong>\u00a0IT\u00c4 2019 festivaali<strong>\u00a0<\/strong>@STOA<br>7.9.2019 <strong>SPA performance<\/strong>\u00a0IT\u00c4 2019 festivaali<strong>\u00a0<\/strong>@STOA<br>24.8.2019 <strong>Aidatut Unelmat<\/strong>, Hyvink\u00e4\u00e4 at 17:30<br>18.8.2019 <strong>Concert with Miller Wrenn<\/strong> @ Tenho restobar<br>16.8.2019<strong> Improvistion<\/strong>, Museum of Impossible Forms at 19:00<br>5.7.2019 <strong>Zoetic<\/strong> @\u00a0Musiikkitalon l\u00e4mpi\u00f6 at 14:00<br>30.6.2019 <strong>AINON<\/strong> @ Musiikkitalon l\u00e4mpi\u00f6 at 14:00<br>30.6.2019 <strong>AINON<\/strong> @ Tenho restobar at 20:00<br>28.4.2019 <strong>AINON<\/strong> @ Validi Karkia, Pori<br>15.4.2019 <strong>AINON<\/strong> @Tiirikkala Monday Jazz Happening<br>19.3.2019<strong> AINON<\/strong> @ jaZZanti<br>9.12.2018 <strong>AINON<\/strong> @ We jazz festival<br>23.9.2018 SunJazz.<strong> AINON<\/strong> @ Tenho restobar<br>1.9.2018<strong> AINON<\/strong> @ at HarFest at 19:00<br>7.9.2018 <strong>AINON<\/strong> @ It\u00e4 2018 festival, Stoa at 19:30 <br>23.9.2018<strong> AINON <\/strong>@ Tenho restobar <br>7.9.2018 <strong>J\u00e4lki\u00e4<\/strong> at It\u00e4 2018 festival<\/p>\n","protected":false},"excerpt":{"rendered":"<p>UPCOMING EVENTS 13.11.2025 Juutilainen &amp; Tihe\u00e4salo, Olutravintola Hannikainen, Turku29.11.2025 Yin &amp; Sello, Roots, Helsinki5.12.2025 Quartet Ajaton, Lumit, Kuopio PAST EVENTS 24.10.2025 AINON, Ume\u00e5 Jazz Festival, Sweden21.10.2025 Luoto, Keskuskirjasto Oodi, Helsinki11.10.2025 Yin &amp; Sello, Roots, Helsinki4. &amp; 8.10 2025Vieraat, Kanneltalo, Helsinki20.9.2025 B\u00e4ckstr\u00f6m &amp; Juutilainen, Maunula Jazz,Helsinki6.9.2025 Nukku, Tietotalo, Jokioinen28.6.2025 Vespera, Linnajazz, H\u00e4meenlinna1.2.2025 AINON, STOA, Helsinki30.11.2024 AINON, We Jazz Festival, Helsinki11.6.2025 Vespera, jaZZanti, Helsinki11.8.2023 Mikko Sarvanne Garden, Flow Festival28.4.2023 Quartet Ajaton, JazzAhead Club Night, Bremen16.4.2023, Mikko Sarvanne Garden &amp; AINON, Sara Hild\u00e9n Art museum, Tampere14.4.2023, with Mikko Sarvanne Garden &amp; AINON, Sibelius Museum, Turku9.1.2023, with Mikko Sarvanne Garden &amp; AINON, \u00c4\u00e4niwalli, Helsinki8.1.2023,\u2026<\/p>\n","protected":false},"author":2,"featured_media":0,"parent":0,"menu_order":5,"comment_status":"closed","ping_status":"closed","template":"","meta":[],"blocksy_meta":"","_links":{"self":[{"href":"https:\/\/www.ainojuutilainen.com\/index.php?rest_route=\/wp\/v2\/pages\/28"}],"collection":[{"href":"https:\/\/www.ainojuutilainen.com\/index.php?rest_route=\/wp\/v2\/pages"}],"about":[{"href":"https:\/\/www.ainojuutilainen.com\/index.php?rest_route=\/wp\/v2\/types\/page"}],"author":[{"embeddable":true,"href":"https:\/\/www.ainojuutilainen.com\/index.php?rest_route=\/wp\/v2\/users\/2"}],"replies":[{"embeddable":true,"href":"https:\/\/www.ainojuutilainen.com\/index.php?rest_route=%2Fwp%2Fv2%2Fcomments&post=28"}],"version-history":[{"count":28,"href":"https:\/\/www.ainojuutilainen.com\/index.php?rest_route=\/wp\/v2\/pages\/28\/revisions"}],"predecessor-version":[{"id":348,"href":"https:\/\/www.ainojuutilainen.com\/index.php?rest_route=\/wp\/v2\/pages\/28\/revisions\/348"}],"wp:attachment":[{"href":"https:\/\/www.ainojuutilainen.com\/index.php?rest_route=%2Fwp%2Fv2%2Fmedia&parent=28"}],"curies":[{"name":"wp","href":"https:\/\/api.w.org\/{rel}","templated":true}]}}