{"id":26,"date":"2015-02-07T19:49:03","date_gmt":"2015-02-07T17:49:03","guid":{"rendered":"https:\/\/www.ainojuutilainen.com\/\/?page_id=26"},"modified":"2023-06-07T10:37:28","modified_gmt":"2023-06-07T08:37:28","slug":"projects","status":"publish","type":"page","link":"https:\/\/www.ainojuutilainen.com\/?page_id=26","title":{"rendered":"PROJECTS"},"content":{"rendered":"\n<p><strong>CURRENT PROJECTS<\/strong><\/p>\n\n\n\n<p><strong>PAST PROJECTS<\/strong><\/p>\n\n\n\n<figure class=\"wp-block-embed is-type-rich is-provider-soundcloud wp-block-embed-soundcloud\"><div class=\"wp-block-embed__wrapper\">\n<iframe loading=\"lazy\" title=\"Mosquito Meditation by AinoJuutilainen\" width=\"1290\" height=\"400\" scrolling=\"no\" frameborder=\"no\" src=\"https:\/\/w.soundcloud.com\/player\/?visual=true&#038;url=https%3A%2F%2Fapi.soundcloud.com%2Ftracks%2F1203245977&#038;show_artwork=true&#038;maxheight=1000&#038;maxwidth=1290\"><\/iframe>\n<\/div><\/figure>\n\n\n\n<p><strong>Jaetut tilat<\/strong><br>Jaetut tilat or Shared Spaces invites you to a picnic with pollinators, to a hiding place surrounded by flowers, and to a concert played by the residents of an insect hotel. Shared spaces is an installation located at Lassilan tila, Tuusula. The installation is growing and changing through the summers 2021 and 2022. We will open the installation for the audience next time in June 2022. <br>Visit the webpage: <a href=\"https:\/\/sharingspaces.fi\/\">https:\/\/sharingspaces.fi\/<\/a><br>Above an excerpt of the installations sound design (too be listened with the headphones)<\/p>\n\n\n\n<hr class=\"wp-block-separator has-css-opacity is-style-wide\"\/>\n\n\n\n<figure class=\"wp-block-embed is-type-video is-provider-youtube wp-block-embed-youtube wp-embed-aspect-16-9 wp-has-aspect-ratio\"><div class=\"wp-block-embed__wrapper\">\n<iframe loading=\"lazy\" title=\"Hexad live at IT\u00c4 2019 Festival, 7.9.19, short edit\" width=\"1290\" height=\"726\" src=\"https:\/\/www.youtube.com\/embed\/FZormlBf3bc?feature=oembed\" frameborder=\"0\" allow=\"accelerometer; autoplay; clipboard-write; encrypted-media; gyroscope; picture-in-picture; web-share\" allowfullscreen><\/iframe>\n<\/div><\/figure>\n\n\n\n<p><strong>Hexad:&nbsp;<\/strong>Libero Mureddu\u2019s \u2018Hexad\u2019 is a Helsinki-based ensemble dedicated to the performance of real-time composed music.&nbsp;Hexad brings together professional improvisers coming from a wide albeit often overlapping range of experiences, from classical contemporary to experimental and jazz music. The performers are given complete freedom in placing themselves at any point between those different approaches, without any limitation to the musical material they wish to contribute with. Therefore, the ensemble creates and explores in real-time the unexpected possibilities emerging from the coexistence of highly diverse materials.&nbsp;This celebration of diversity is reflected in the spontaneous creation of subgroups during a performance: from solos, duos, trios, also simultaneously, to collective playing, any emerging combination is allowed and promoted.<\/p>\n\n\n\n<hr class=\"wp-block-separator has-text-color has-luminous-vivid-orange-color has-alpha-channel-opacity has-luminous-vivid-orange-background-color has-background is-style-wide\"\/>\n\n\n\n<figure class=\"wp-block-embed is-type-video is-provider-youtube wp-block-embed-youtube wp-embed-aspect-16-9 wp-has-aspect-ratio\"><div class=\"wp-block-embed__wrapper\">\n<iframe loading=\"lazy\" title=\"Chamber Music from Mars: &#039;Electronic&#039; live at VTT Helsinki - Edit\" width=\"1290\" height=\"726\" src=\"https:\/\/www.youtube.com\/embed\/F27HvdSms78?feature=oembed\" frameborder=\"0\" allow=\"accelerometer; autoplay; clipboard-write; encrypted-media; gyroscope; picture-in-picture; web-share\" allowfullscreen><\/iframe>\n<\/div><figcaption class=\"wp-element-caption\">Live gig recording 5th of  December 2019<\/figcaption><\/figure>\n\n\n\n<p><strong>Chamber Music from Mars<\/strong><br>Aino Juutilainen &#8211; cello \/ viola da gamba and electronics<br>Libero Mureddu &#8211; piano \/ synthesizers<br><br>Libero Mureddu and Aino Juutilainen improvise together since 2018. Their aesthetic is twofold: on one hand they performs with acoustic instruments exploring ideas related to algorithms and artificial intelligence. Their fascination resides on how nonhuman, machine-generated decisions sometimes seem more surprising and interesting than the ones created by a human mind. On the other hand, the duo uses digital and digitally modified instruments to create peaceful soundscapes that slowly evolve to wild trance-like states. This side of the project is the&nbsp;counterpart of the machine-directed music: here they praise the continuity of the music and the human factor in an otherwise nonhuman and digital sound world.<\/p>\n\n\n\n<hr class=\"wp-block-separator has-alpha-channel-opacity is-style-wide\"\/>\n\n\n\n<figure class=\"wp-block-embed aligncenter is-type-video is-provider-youtube wp-block-embed-youtube wp-embed-aspect-16-9 wp-has-aspect-ratio\"><div class=\"wp-block-embed__wrapper\">\n<iframe loading=\"lazy\" title=\"Hajoaminen Teaser\" width=\"1290\" height=\"726\" src=\"https:\/\/www.youtube.com\/embed\/1_7IRCy-JjE?feature=oembed\" frameborder=\"0\" allow=\"accelerometer; autoplay; clipboard-write; encrypted-media; gyroscope; picture-in-picture; web-share\" allowfullscreen><\/iframe>\n<\/div><\/figure>\n\n\n\n<p><span style=\"font-weight: 600;\">Hajoaminen&nbsp;(Deconstruction)<\/span><br>&#8220;Marketta moved in today. She climbs up and down the daffodils, and drinks sugar water from the bottle cap. I reach my finger towards her. She answers by grabbing my fingertip with her first pair of legs, and then drags her disproportionally large body on it. I feel the tickling of all her six little feet when she crawls along my arm.&#8221; Decomposition is a performance about maggots, bumblebees, ticks, earthworms, and different kinds of decomposing processes. Premiere 16th of October 2020.<br><br>Working group<br>Director: Maija Linturi<br>Sound designer: Aino Juutilainen<br>Video designer: Olli-Pekka Jauhiainen<br>Visual designer: Sarune Peciukonyte<br>Performers: Elina Sarno ja Aino Juutilainen<br>Production: Kalteva Co. ja Circus Maximus<\/p>\n\n\n\n<p><\/p>\n\n\n\n<hr class=\"wp-block-separator has-css-opacity is-style-wide\"\/>\n\n\n\n<figure class=\"wp-block-embed is-type-video is-provider-youtube wp-block-embed-youtube wp-embed-aspect-16-9 wp-has-aspect-ratio\"><div class=\"wp-block-embed__wrapper\">\n<iframe loading=\"lazy\" title=\"J \u00c4 L K I \u00c4 trailer\" width=\"1290\" height=\"726\" src=\"https:\/\/www.youtube.com\/embed\/n_BbOQNnsXU?feature=oembed\" frameborder=\"0\" allow=\"accelerometer; autoplay; clipboard-write; encrypted-media; gyroscope; picture-in-picture; web-share\" allowfullscreen><\/iframe>\n<\/div><\/figure>\n\n\n\n<p><span style=\"font-weight: 400;\"><strong>J \u00c4 L K I \u00c4<\/strong> J\u00e4lki\u00e4 meaning \u201ctraces\u201d or \u201ctracks\u201d is a series of sound art pieces that observe different districts and environments from the point of traces. Every piece is constructed together with the surrounding, discussing and improvising with it, getting affected by it, each forming an unique entity. Pieces include sound, music and text that have been born in a dialogue with the environment. The piece is experienced personally, with headphones.<\/span> J\u00e4lki\u00e4 can be experienced in Vuosaari and It\u00e4keskus from the 7th of September. During the autumn 2018 and winter 2019 there will be a piece both in Suomenlinna and Kulosaari, and during 2019 more will pop up in West and North Helsinki. J\u00e4lki\u00e4 is available both in finnish and in english. J\u00e4lki\u00e4 is a cooperation between musician-composer Aino Juutilainen and performance and visual artist Petra Vehvil\u00e4inen. FB: <a href=\"https:\/\/t.umblr.com\/redirect?z=https%3A%2F%2Fwww.facebook.com%2Fevents%2F233532920668213%2F&amp;t=YzRiYjQxZTk2YjAzZGEyYTYzZjBkMTM1MWQ2Y2IzZmU2OGNhYmY5MCxmZlBzdDUyUA%3D%3D&amp;b=t%3AZRT6nZc1kT1bziXFrdUkWA&amp;p=https%3A%2F%2Fjalkiainfo.tumblr.com%2Fpost%2F177727282466%2Fj-%C3%A4-l-k-i-%C3%A4-%C3%A4%C3%A4niteossarja&amp;m=1\">J\u00e4lki\u00e4<\/a> Contact: jalkiateos@gmail.com Production: Teatteri Circus Maximus (<a href=\"https:\/\/t.umblr.com\/redirect?z=http%3A%2F%2Fcircusmaximus.fi%2F&amp;t=NGQ1OGM0YjQ3OTAyNWIzYzZmMTY0ZjRlZjc0NmM0YzRkNGU1ODZjNSxmZlBzdDUyUA%3D%3D&amp;b=t%3AZRT6nZc1kT1bziXFrdUkWA&amp;p=https%3A%2F%2Fjalkiainfo.tumblr.com%2Fpost%2F177727282466%2Fj-%C3%A4-l-k-i-%C3%A4-%C3%A4%C3%A4niteossarja&amp;m=1\">http:\/\/circusmaximus.fi<\/a>) J\u00e4lki\u00e4 has been supported by The City of Helsinki<\/p>\n\n\n\n<hr class=\"wp-block-separator has-css-opacity is-style-wide\"\/>\n\n\n\n<figure class=\"wp-block-image\"><img decoding=\"async\" loading=\"lazy\" width=\"2362\" height=\"1572\" src=\"https:\/\/www.ainojuutilainen.com\/\/wp-content\/uploads\/leijonadisko_\u00a9uupitirronen-78.jpg\" alt=\"\" class=\"wp-image-196\" srcset=\"https:\/\/www.ainojuutilainen.com\/wp-content\/uploads\/leijonadisko_\u00a9uupitirronen-78.jpg 2362w, https:\/\/www.ainojuutilainen.com\/wp-content\/uploads\/leijonadisko_\u00a9uupitirronen-78-300x200.jpg 300w, https:\/\/www.ainojuutilainen.com\/wp-content\/uploads\/leijonadisko_\u00a9uupitirronen-78-1024x682.jpg 1024w, https:\/\/www.ainojuutilainen.com\/wp-content\/uploads\/leijonadisko_\u00a9uupitirronen-78-768x511.jpg 768w, https:\/\/www.ainojuutilainen.com\/wp-content\/uploads\/leijonadisko_\u00a9uupitirronen-78-1536x1022.jpg 1536w, https:\/\/www.ainojuutilainen.com\/wp-content\/uploads\/leijonadisko_\u00a9uupitirronen-78-2048x1363.jpg 2048w\" sizes=\"(max-width: 2362px) 100vw, 2362px\" \/><\/figure>\n\n\n\n<p><strong>Leijonadisco&nbsp;<\/strong>is a dance performance for babies and toddlers. The performance is interactive and everyone can join to dancing and singing with the lions! The lions do not speak any specific language and therefor the performance is suitable for everybody no matter which language they speak. The performance was premiered at Annantalo, Helsinki as a part of Small Size Days program in 2019. After that the performance has been touring in different places including Rovaniemi, Porvoo, Espoo ja Vantaa. &nbsp;Production: Satu Tuomisto Co<\/p>\n\n\n\n<hr class=\"wp-block-separator has-css-opacity is-style-wide\"\/>\n\n\n\n<figure class=\"wp-block-embed is-type-video is-provider-youtube wp-block-embed-youtube wp-embed-aspect-16-9 wp-has-aspect-ratio\"><div class=\"wp-block-embed__wrapper\">\n<iframe loading=\"lazy\" title=\"Music for the play \u00c4P\u00c4R\u00c4!\" width=\"1290\" height=\"726\" src=\"https:\/\/www.youtube.com\/embed\/h9oueeQ8Q4U?feature=oembed\" frameborder=\"0\" allow=\"accelerometer; autoplay; clipboard-write; encrypted-media; gyroscope; picture-in-picture; web-share\" allowfullscreen><\/iframe>\n<\/div><\/figure>\n\n\n\n<p><strong>\u00c4P\u00c4R\u00c4! <\/strong> Kyseenalainen komedia perheonnesta N\u00e4ytelm\u00e4 rakentaa palapelinomaisen kuvan is\u00e4tt\u00f6m\u00e4st\u00e4 pojasta, joka on totaalisen kykenem\u00e4t\u00f6n valmiiseen perhe-el\u00e4m\u00e4\u00e4n ja luo hippasen nyrj\u00e4ht\u00e4neit\u00e4 perhekuvia ymp\u00e4rilleen eri el\u00e4m\u00e4nvaiheissa. \u00c4P\u00c4R\u00c4! tarjoaa katsojalleen ajattelun avaimia ja h\u00e4mment\u00e4vi\u00e4 tunnetiloja. Kantaesitys 25.4.2018 klo 19 Studio Hilkassa, Valtakatu 22 Suomen kiertue syksyll\u00e4 2018 Ty\u00f6ryhm\u00e4: Jarno Malinen, Aino Juutilainen, Tapio Kankaanp\u00e4\u00e4<br><\/p>\n\n\n\n<hr class=\"wp-block-separator has-alpha-channel-opacity is-style-wide\"\/>\n\n\n\n<figure class=\"wp-block-embed is-type-video is-provider-youtube wp-block-embed-youtube wp-embed-aspect-16-9 wp-has-aspect-ratio\"><div class=\"wp-block-embed__wrapper\">\n<iframe loading=\"lazy\" title=\"Vela - Prelude\" width=\"1290\" height=\"726\" src=\"https:\/\/www.youtube.com\/embed\/VGYzbfPgrl8?feature=oembed\" frameborder=\"0\" allow=\"accelerometer; autoplay; clipboard-write; encrypted-media; gyroscope; picture-in-picture; web-share\" allowfullscreen><\/iframe>\n<\/div><\/figure>\n\n\n\n<p><strong>Vela<\/strong><br>Vela Esben Overgaard H\u00f8jlund (DK) &#8211; piano Aino Juutilainen (FI) &#8211; cello Purity, calm soundscapes and inner expression would describe the music of this Danish-Finnish duo. The roots of this music are both jazz improvisation and contemporary classical music. Both duo members compose music and there is strong focus on finding distinct sounds to create colourfull expression. Vela released their first album Wandering on Eclipse music 10th of february 2017. The danish drummer Anders Vestergaard features on the album.<\/p>\n\n\n\n<p><a href=\"https:\/\/eclipsemusicrecordlabel.bandcamp.com\/album\/wandering\">https:\/\/eclipsemusicrecordlabel.bandcamp.com\/album\/wandering<\/a><\/p>\n\n\n\n<p>Here is an article about the album on Jazz Finland <a href=\"http:\/\/jazzfinland.fi\/news\/finno-danish-vela-issue-their-debut-on-10-february\">http:\/\/jazzfinland.fi\/news\/finno-danish-vela-issue-their-debut-on-10-february<\/a><\/p>\n\n\n\n<hr class=\"wp-block-separator has-css-opacity is-style-wide\"\/>\n\n\n\n<figure class=\"wp-block-embed is-type-video is-provider-youtube wp-block-embed-youtube wp-embed-aspect-16-9 wp-has-aspect-ratio\"><div class=\"wp-block-embed__wrapper\">\n<iframe loading=\"lazy\" title=\"Queer Bird Concert\" width=\"1290\" height=\"726\" src=\"https:\/\/www.youtube.com\/embed\/w9v9NvkpkTA?feature=oembed\" frameborder=\"0\" allow=\"accelerometer; autoplay; clipboard-write; encrypted-media; gyroscope; picture-in-picture; web-share\" allowfullscreen><\/iframe>\n<\/div><\/figure>\n\n\n\n<p><strong>House of Delights<\/strong> House of Delights took place in Kunstverein Neuk\u00f6lln, Berlin in 2016. I had a pleasure of working with a very inspiring group of artist making different performances for ten days. Queer bird concert was one of my many performances. <em>House of Delights<\/em> is an exhibition, an installation and a performance where an everyday erotic revolution can take place. This is a special place of celebration and coming together.&nbsp;It is an exhibition, an installation and a week-\u00adlong performance where not only the human bodies of performers and the audience will perform, but also the bodies of different kind of objects, sounds, materials, images and other conditions and atmospheres in the space.&nbsp;In here both the artists and the audience can explore their personal experience in different kind of manifestations of erotic relations.<\/p>\n\n\n\n<p><em>House of Delights<\/em> is a place of celebration, a special space of coming together at a given moment. 24.6.-26.6.2016 Part of 48 Stunden Neuk\u00f6lln 29.6.-2.7.2016 &nbsp;More performances, gigs etc. 3.7.-24.7.2016 Installation continues The Group: Niina Lehtonen Braun, Milla Martikainen, Aino Juutilainen and Sami Vehmersuo + guests. <a href=\"http:\/\/48-stunden-neukoelln.de\/de\/event\/house-delights\/\" data-saferedirecturl=\"https:\/\/www.google.com\/url?hl=fi&amp;q=http:\/\/http:\/\/48-stunden-neukoelln.de\/de\/event\/house-delights\/&amp;source=gmail&amp;ust=1462887614253000&amp;usg=AFQjCNGqzjoGxz3Vxb17MLtYCzj_2L83pw\">http:\/\/48-stunden-neukoelln.de\/de\/event\/house-delights\/<\/a><\/p>\n\n\n\n<hr class=\"wp-block-separator has-css-opacity is-style-wide\"\/>\n\n\n\n<figure class=\"wp-block-image\"><img decoding=\"async\" loading=\"lazy\" width=\"1024\" height=\"682\" src=\"https:\/\/www.ainojuutilainen.com\/\/wp-content\/uploads\/MG_2062-promo-1024x682.jpg\" alt=\"\" class=\"wp-image-155\" srcset=\"https:\/\/www.ainojuutilainen.com\/wp-content\/uploads\/MG_2062-promo-1024x682.jpg 1024w, https:\/\/www.ainojuutilainen.com\/wp-content\/uploads\/MG_2062-promo-1024x682-300x200.jpg 300w, https:\/\/www.ainojuutilainen.com\/wp-content\/uploads\/MG_2062-promo-1024x682-768x512.jpg 768w\" sizes=\"(max-width: 1024px) 100vw, 1024px\" \/><\/figure>\n\n\n\n<p><strong> Erotica &#8211; esitys eroottisena olentona olemisesta<\/strong>  Konsepti ja esiintyminen: Sami Vehmersuo \u00c4\u00e4ni: Aino Juutilainen Kuvataide: Niina Lehtonen Braun Skenografia: Milla Martikainen \u201dEn min\u00e4 tied\u00e4, eik\u00e4 minua kiinnosta, mist\u00e4 t\u00e4m\u00e4 esitys kertoo. Minua kiinnostaa mit\u00e4 siell\u00e4 tapahtuu; mit\u00e4 minussa tapahtuu, mit\u00e4 paikalla olijoissa tapahtuu.\u201d \u2013 sami v Nelj\u00e4 taiteilijaa: kuvataiteilija, skenografi, muusikko ja esiintyj\u00e4 l\u00e4hestyv\u00e4t eroottisena olentona olemisen mysteeri\u00e4 oman taiteensa l\u00e4ht\u00f6kohdista ja t\u00e4r\u00e4ytt\u00e4v\u00e4t sen yhteen. Avant garde, absurdi, post postmoderni, ihan sama. n\u00e4ytelty\u00e4 n\u00e4yttelemist\u00e4, donjuanismia, performanssia, \u00e4\u00e4nitaidetta, huutoa, hiljaisuutta, installaatiota, Jungia, Guroa, Whitmania, pintaa ja varjoa syvemm\u00e4lt\u00e4kin. Ensiesitys: 15.5.2015<\/p>\n\n\n\n<hr class=\"wp-block-separator has-css-opacity is-style-wide\"\/>\n\n\n\n<figure class=\"wp-block-image\"><img decoding=\"async\" loading=\"lazy\" width=\"500\" height=\"335\" src=\"https:\/\/www.ainojuutilainen.com\/\/wp-content\/uploads\/Superhands-at-Literaturhaus.jpg\" alt=\"\" class=\"wp-image-68\" srcset=\"https:\/\/www.ainojuutilainen.com\/wp-content\/uploads\/Superhands-at-Literaturhaus.jpg 500w, https:\/\/www.ainojuutilainen.com\/wp-content\/uploads\/Superhands-at-Literaturhaus-300x201.jpg 300w\" sizes=\"(max-width: 500px) 100vw, 500px\" \/><\/figure>\n\n\n\n<p><strong>Superhands \u2013 music and dance improvisation band<\/strong>  Between 2009 and 2011 I was a member of a dance and music improvisation band called Superhands consisting of young musicians and dancers living in Copenhagen, Denmark. We performed actively in different unconventional locations, including the parlament house where we were for some odd reason not allowed to bring any instruments. So we sneaked in all kind of objects that make sound through the x-ray in the security control. https:\/\/superhandsdanceband.wordpress.com\/about\/<\/p>\n\n\n\n<hr class=\"wp-block-separator has-css-opacity is-style-wide\"\/>\n\n\n\n<figure class=\"wp-block-image\"><img decoding=\"async\" loading=\"lazy\" width=\"2784\" height=\"1856\" src=\"https:\/\/www.ainojuutilainen.com\/\/wp-content\/uploads\/2015\/02\/aino_soittaa.jpg\" alt=\"\" class=\"wp-image-9\" srcset=\"https:\/\/www.ainojuutilainen.com\/wp-content\/uploads\/2015\/02\/aino_soittaa.jpg 2784w, https:\/\/www.ainojuutilainen.com\/wp-content\/uploads\/2015\/02\/aino_soittaa-300x200.jpg 300w, https:\/\/www.ainojuutilainen.com\/wp-content\/uploads\/2015\/02\/aino_soittaa-1024x683.jpg 1024w\" sizes=\"(max-width: 2784px) 100vw, 2784px\" \/><\/figure>\n\n\n\n<p><strong>Muistipeili<\/strong>  Tallentaa, painaa mieleen, palauttaa, muistella, kertoa, keksi\u00e4, valita, varastaa, kontrolloida, k\u00e4sitt\u00e4\u00e4, k\u00e4sitell\u00e4, tavoitella, hapuilla, hakea, k\u00e4dottaa, unohtaa, antaa periksi, luovuttaa, luopua, hajota, kadota\u2026 Yrityksi\u00e4 p\u00e4\u00e4st\u00e4 sinne, minne puhuttu kieli ei yll\u00e4. Yrityksi\u00e4 kiinnitty\u00e4 muistoihin. Nukketeatteria. Tanssia. El\u00e4v\u00e4\u00e4 musiikkia. L\u00e4hes el\u00e4v\u00e4\u00e4 kuvaa. Mehua! <strong>Konsepti<\/strong>: Aino Juutilainen ja Maija Linturi <strong>Ohjaus:<\/strong> Johanna Kultala <strong>Koreografia<\/strong>: Leena Harjunp\u00e4\u00e4, <strong>Musiikki<\/strong>: Aino Juutilainen <strong>Valot &amp; visuaalinen ilme:<\/strong> Milla Martikainen <strong>Lavalla<\/strong>: Aino Juutilainen, Maija Linturi, Milla Martikainen <strong>Ensi-ilta:<\/strong> 24.4.2011, Vaihtolava (Helsinki)<\/p>\n\n\n\n<hr class=\"wp-block-separator has-css-opacity is-style-wide\"\/>\n\n\n<p><iframe loading=\"lazy\" title=\"Se mik\u00e4 j\u00e4i, poltti, ei j\u00e4\u00e4tynyt (excerpt) That Which Remained, Scorched, Did Not Chill (excerpt)\" src=\"https:\/\/player.vimeo.com\/video\/15191911?dnt=1&amp;app_id=122963\" width=\"640\" height=\"360\" frameborder=\"0\" allow=\"autoplay; fullscreen; picture-in-picture\" allowfullscreen><\/iframe><\/p>\n\n\n\n<p><strong>That Which Remained, Scorched, Did Not Chill<\/strong> \/ <strong>Se mik\u00e4 j\u00e4i, poltti, ei j\u00e4\u00e4tynyt<\/strong> Premiere, place and date: The AB Dance Company, in Turku 22.1.2009&nbsp; The piece is using dance theatre in a new innovation way by concentrating more to what&nbsp;happens to a performer her or him self during a dance. The dancer and musician are&nbsp;discussing between dance and music, working together or against each others. Topics of the piece are frustration that comes when contradictions of feelings are locked inside and a dilemma of just being with oneself. Dancer has built herself a character who has&nbsp;reality of her own and little by little she starts to have Childs play features. Choreographer: Kimmo Alakunnas Scenographer: Milla Martikainen Light designer: Jere M\u00f6nkk\u00f6nen Clothes designer: Harri Niskanen Composer and musician: Aino Juutilainen Dance: Jouni Majaniemi, Satu Lankinen, Eeva Bang<\/p>\n\n\n\n<hr class=\"wp-block-separator has-css-opacity\"\/>\n\n\n\n<hr class=\"wp-block-separator has-css-opacity\"\/>\n","protected":false},"excerpt":{"rendered":"<p>CURRENT PROJECTS PAST PROJECTS Jaetut tilatJaetut tilat or Shared Spaces invites you to a picnic with pollinators, to a hiding place surrounded by flowers, and to a concert played by the residents of an insect hotel. Shared spaces is an installation located at Lassilan tila, Tuusula. The installation is growing and changing through the summers 2021 and 2022. We will open the installation for the audience next time in June 2022. Visit the webpage: https:\/\/sharingspaces.fi\/Above an excerpt of the installations sound design (too be listened with the headphones) Hexad:&nbsp;Libero Mureddu\u2019s \u2018Hexad\u2019 is a Helsinki-based ensemble dedicated to the performance of\u2026<\/p>\n","protected":false},"author":2,"featured_media":0,"parent":0,"menu_order":4,"comment_status":"closed","ping_status":"closed","template":"","meta":[],"blocksy_meta":"","_links":{"self":[{"href":"https:\/\/www.ainojuutilainen.com\/index.php?rest_route=\/wp\/v2\/pages\/26"}],"collection":[{"href":"https:\/\/www.ainojuutilainen.com\/index.php?rest_route=\/wp\/v2\/pages"}],"about":[{"href":"https:\/\/www.ainojuutilainen.com\/index.php?rest_route=\/wp\/v2\/types\/page"}],"author":[{"embeddable":true,"href":"https:\/\/www.ainojuutilainen.com\/index.php?rest_route=\/wp\/v2\/users\/2"}],"replies":[{"embeddable":true,"href":"https:\/\/www.ainojuutilainen.com\/index.php?rest_route=%2Fwp%2Fv2%2Fcomments&post=26"}],"version-history":[{"count":30,"href":"https:\/\/www.ainojuutilainen.com\/index.php?rest_route=\/wp\/v2\/pages\/26\/revisions"}],"predecessor-version":[{"id":283,"href":"https:\/\/www.ainojuutilainen.com\/index.php?rest_route=\/wp\/v2\/pages\/26\/revisions\/283"}],"wp:attachment":[{"href":"https:\/\/www.ainojuutilainen.com\/index.php?rest_route=%2Fwp%2Fv2%2Fmedia&parent=26"}],"curies":[{"name":"wp","href":"https:\/\/api.w.org\/{rel}","templated":true}]}}